{"id":906,"date":"2021-09-30T03:12:54","date_gmt":"2021-09-30T03:12:54","guid":{"rendered":"https:\/\/vatel.lu\/devenir-membre\/"},"modified":"2024-12-01T19:00:44","modified_gmt":"2024-12-01T18:00:44","slug":"devenir-membre","status":"publish","type":"page","link":"https:\/\/www.vatel.lu\/de\/devenir-membre\/","title":{"rendered":"Become a member"},"content":{"rendered":"<p>En devenant membre ou partenaire\/sponsor de notre association, VOUS pouvez directement contribuer au succ\u00e8s et la renomm\u00e9e de nos cuisiniers locaux et faire \u00e9voluer l\u2019art culinaire au Luxembourg.<\/p>\n","protected":false},"excerpt":{"rendered":"<p>En devenant membre ou partenaire\/sponsor de notre association, VOUS pouvez directement contribuer au succ\u00e8s et la renomm\u00e9e de nos cuisiniers locaux et faire \u00e9voluer l\u2019art culinaire au Luxembourg.<\/p>\n","protected":false},"author":1,"featured_media":0,"parent":0,"menu_order":0,"comment_status":"closed","ping_status":"closed","template":"page-templates\/template-membre.php","meta":{"_acf_changed":false,"inline_featured_image":false,"footnotes":""},"class_list":["post-906","page","type-page","status-publish","hentry"],"acf":[],"yoast_head":"<!-- This site is optimized with the Yoast SEO plugin v24.4 - https:\/\/yoast.com\/wordpress\/plugins\/seo\/ -->\n<title>Werden Sie Mitglied, Partner oder Sponsor unseres Verbands.<\/title>\n<meta name=\"description\" content=\"Sie k\u00f6nnen direkt zum Erfolg und Ansehen unserer lokalen K\u00f6che beitragen und die Kochkunst in Luxemburg weiterentwickeln.\" \/>\n<meta name=\"robots\" content=\"index, follow, max-snippet:-1, max-image-preview:large, max-video-preview:-1\" \/>\n<link rel=\"canonical\" href=\"https:\/\/www.vatel.lu\/de\/devenir-membre\/\" \/>\n<meta property=\"og:locale\" content=\"de_DE\" \/>\n<meta property=\"og:type\" content=\"article\" \/>\n<meta property=\"og:title\" content=\"Werden Sie Mitglied, Partner oder Sponsor unseres Verbands.\" \/>\n<meta property=\"og:description\" content=\"Sie k\u00f6nnen direkt zum Erfolg und Ansehen unserer lokalen K\u00f6che beitragen und die Kochkunst in Luxemburg weiterentwickeln.\" \/>\n<meta property=\"og:url\" content=\"https:\/\/www.vatel.lu\/de\/devenir-membre\/\" \/>\n<meta property=\"og:site_name\" content=\"Vatel Club\" \/>\n<meta property=\"article:modified_time\" content=\"2024-12-01T18:00:44+00:00\" \/>\n<meta name=\"twitter:card\" content=\"summary_large_image\" \/>\n<meta name=\"twitter:label1\" content=\"Gesch\u00e4tzte Lesezeit\" \/>\n\t<meta name=\"twitter:data1\" content=\"1\u00a0Minute\" \/>\n<script type=\"application\/ld+json\" class=\"yoast-schema-graph\">{\"@context\":\"https:\/\/schema.org\",\"@graph\":[{\"@type\":\"WebPage\",\"@id\":\"https:\/\/www.vatel.lu\/de\/devenir-membre\/\",\"url\":\"https:\/\/www.vatel.lu\/de\/devenir-membre\/\",\"name\":\"Werden Sie Mitglied, Partner oder Sponsor unseres Verbands.\",\"isPartOf\":{\"@id\":\"https:\/\/www.vatel.lu\/de\/#website\"},\"datePublished\":\"2021-09-30T03:12:54+00:00\",\"dateModified\":\"2024-12-01T18:00:44+00:00\",\"description\":\"Sie k\u00f6nnen direkt zum Erfolg und Ansehen unserer lokalen K\u00f6che beitragen und die Kochkunst in Luxemburg weiterentwickeln.\",\"breadcrumb\":{\"@id\":\"https:\/\/www.vatel.lu\/de\/devenir-membre\/#breadcrumb\"},\"inLanguage\":\"de\",\"potentialAction\":[{\"@type\":\"ReadAction\",\"target\":[\"https:\/\/www.vatel.lu\/de\/devenir-membre\/\"]}]},{\"@type\":\"BreadcrumbList\",\"@id\":\"https:\/\/www.vatel.lu\/de\/devenir-membre\/#breadcrumb\",\"itemListElement\":[{\"@type\":\"ListItem\",\"position\":1,\"name\":\"Home\",\"item\":\"https:\/\/www.vatel.lu\/de\/\"},{\"@type\":\"ListItem\",\"position\":2,\"name\":\"Become a member\"}]},{\"@type\":\"WebSite\",\"@id\":\"https:\/\/www.vatel.lu\/de\/#website\",\"url\":\"https:\/\/www.vatel.lu\/de\/\",\"name\":\"Vatel Club\",\"description\":\"My WordPress Blog\",\"potentialAction\":[{\"@type\":\"SearchAction\",\"target\":{\"@type\":\"EntryPoint\",\"urlTemplate\":\"https:\/\/www.vatel.lu\/de\/?s={search_term_string}\"},\"query-input\":{\"@type\":\"PropertyValueSpecification\",\"valueRequired\":true,\"valueName\":\"search_term_string\"}}],\"inLanguage\":\"de\"}]}<\/script>\n<!-- \/ Yoast SEO plugin. -->","yoast_head_json":{"title":"Werden Sie Mitglied, Partner oder Sponsor unseres Verbands.","description":"Sie k\u00f6nnen direkt zum Erfolg und Ansehen unserer lokalen K\u00f6che beitragen und die Kochkunst in Luxemburg weiterentwickeln.","robots":{"index":"index","follow":"follow","max-snippet":"max-snippet:-1","max-image-preview":"max-image-preview:large","max-video-preview":"max-video-preview:-1"},"canonical":"https:\/\/www.vatel.lu\/de\/devenir-membre\/","og_locale":"de_DE","og_type":"article","og_title":"Werden Sie Mitglied, Partner oder Sponsor unseres Verbands.","og_description":"Sie k\u00f6nnen direkt zum Erfolg und Ansehen unserer lokalen K\u00f6che beitragen und die Kochkunst in Luxemburg weiterentwickeln.","og_url":"https:\/\/www.vatel.lu\/de\/devenir-membre\/","og_site_name":"Vatel Club","article_modified_time":"2024-12-01T18:00:44+00:00","twitter_card":"summary_large_image","twitter_misc":{"Gesch\u00e4tzte Lesezeit":"1\u00a0Minute"},"schema":{"@context":"https:\/\/schema.org","@graph":[{"@type":"WebPage","@id":"https:\/\/www.vatel.lu\/de\/devenir-membre\/","url":"https:\/\/www.vatel.lu\/de\/devenir-membre\/","name":"Werden Sie Mitglied, Partner oder Sponsor unseres Verbands.","isPartOf":{"@id":"https:\/\/www.vatel.lu\/de\/#website"},"datePublished":"2021-09-30T03:12:54+00:00","dateModified":"2024-12-01T18:00:44+00:00","description":"Sie k\u00f6nnen direkt zum Erfolg und Ansehen unserer lokalen K\u00f6che beitragen und die Kochkunst in Luxemburg weiterentwickeln.","breadcrumb":{"@id":"https:\/\/www.vatel.lu\/de\/devenir-membre\/#breadcrumb"},"inLanguage":"de","potentialAction":[{"@type":"ReadAction","target":["https:\/\/www.vatel.lu\/de\/devenir-membre\/"]}]},{"@type":"BreadcrumbList","@id":"https:\/\/www.vatel.lu\/de\/devenir-membre\/#breadcrumb","itemListElement":[{"@type":"ListItem","position":1,"name":"Home","item":"https:\/\/www.vatel.lu\/de\/"},{"@type":"ListItem","position":2,"name":"Become a member"}]},{"@type":"WebSite","@id":"https:\/\/www.vatel.lu\/de\/#website","url":"https:\/\/www.vatel.lu\/de\/","name":"Vatel Club","description":"My WordPress Blog","potentialAction":[{"@type":"SearchAction","target":{"@type":"EntryPoint","urlTemplate":"https:\/\/www.vatel.lu\/de\/?s={search_term_string}"},"query-input":{"@type":"PropertyValueSpecification","valueRequired":true,"valueName":"search_term_string"}}],"inLanguage":"de"}]}},"_links":{"self":[{"href":"https:\/\/www.vatel.lu\/de\/wp-json\/wp\/v2\/pages\/906","targetHints":{"allow":["GET"]}}],"collection":[{"href":"https:\/\/www.vatel.lu\/de\/wp-json\/wp\/v2\/pages"}],"about":[{"href":"https:\/\/www.vatel.lu\/de\/wp-json\/wp\/v2\/types\/page"}],"author":[{"embeddable":true,"href":"https:\/\/www.vatel.lu\/de\/wp-json\/wp\/v2\/users\/1"}],"replies":[{"embeddable":true,"href":"https:\/\/www.vatel.lu\/de\/wp-json\/wp\/v2\/comments?post=906"}],"version-history":[{"count":2,"href":"https:\/\/www.vatel.lu\/de\/wp-json\/wp\/v2\/pages\/906\/revisions"}],"predecessor-version":[{"id":2562,"href":"https:\/\/www.vatel.lu\/de\/wp-json\/wp\/v2\/pages\/906\/revisions\/2562"}],"wp:attachment":[{"href":"https:\/\/www.vatel.lu\/de\/wp-json\/wp\/v2\/media?parent=906"}],"curies":[{"name":"wp","href":"https:\/\/api.w.org\/{rel}","templated":true}]}}