{"id":915,"date":"2021-09-30T03:12:26","date_gmt":"2021-09-30T03:12:26","guid":{"rendered":"https:\/\/vatel.lu\/g5\/"},"modified":"2024-10-26T16:53:05","modified_gmt":"2024-10-26T15:53:05","slug":"g5","status":"publish","type":"page","link":"https:\/\/www.vatel.lu\/de\/g5\/","title":{"rendered":"G5"},"content":{"rendered":"","protected":false},"excerpt":{"rendered":"","protected":false},"author":1,"featured_media":0,"parent":0,"menu_order":0,"comment_status":"closed","ping_status":"closed","template":"page-templates\/g5.php","meta":{"_acf_changed":false,"inline_featured_image":false,"footnotes":""},"class_list":["post-915","page","type-page","status-publish","hentry"],"acf":[],"yoast_head":"<!-- This site is optimized with the Yoast SEO plugin v24.4 - https:\/\/yoast.com\/wordpress\/plugins\/seo\/ -->\n<title>Koch G5 - European Chefs Union - Young Chefs Unplugged.<\/title>\n<meta name=\"description\" content=\"Koch G5 besteht aus 5 deutschsprachigen kulinarischen Berufsverb\u00e4nden. Koch G5 bringt mit YCU junge europ\u00e4ische K\u00f6che zusammen.\" \/>\n<meta name=\"robots\" content=\"index, follow, max-snippet:-1, max-image-preview:large, max-video-preview:-1\" \/>\n<link rel=\"canonical\" href=\"https:\/\/www.vatel.lu\/de\/g5\/\" \/>\n<meta property=\"og:locale\" content=\"de_DE\" \/>\n<meta property=\"og:type\" content=\"article\" \/>\n<meta property=\"og:title\" content=\"Koch G5 - European Chefs Union - Young Chefs Unplugged.\" \/>\n<meta property=\"og:description\" content=\"Koch G5 besteht aus 5 deutschsprachigen kulinarischen Berufsverb\u00e4nden. Koch G5 bringt mit YCU junge europ\u00e4ische K\u00f6che zusammen.\" \/>\n<meta property=\"og:url\" content=\"https:\/\/www.vatel.lu\/de\/g5\/\" \/>\n<meta property=\"og:site_name\" content=\"Vatel Club\" \/>\n<meta property=\"article:modified_time\" content=\"2024-10-26T15:53:05+00:00\" \/>\n<meta name=\"twitter:card\" content=\"summary_large_image\" \/>\n<script type=\"application\/ld+json\" class=\"yoast-schema-graph\">{\"@context\":\"https:\/\/schema.org\",\"@graph\":[{\"@type\":\"WebPage\",\"@id\":\"https:\/\/www.vatel.lu\/de\/g5\/\",\"url\":\"https:\/\/www.vatel.lu\/de\/g5\/\",\"name\":\"Koch G5 - European Chefs Union - Young Chefs Unplugged.\",\"isPartOf\":{\"@id\":\"https:\/\/www.vatel.lu\/de\/#website\"},\"datePublished\":\"2021-09-30T03:12:26+00:00\",\"dateModified\":\"2024-10-26T15:53:05+00:00\",\"description\":\"Koch G5 besteht aus 5 deutschsprachigen kulinarischen Berufsverb\u00e4nden. Koch G5 bringt mit YCU junge europ\u00e4ische K\u00f6che zusammen.\",\"breadcrumb\":{\"@id\":\"https:\/\/www.vatel.lu\/de\/g5\/#breadcrumb\"},\"inLanguage\":\"de\",\"potentialAction\":[{\"@type\":\"ReadAction\",\"target\":[\"https:\/\/www.vatel.lu\/de\/g5\/\"]}]},{\"@type\":\"BreadcrumbList\",\"@id\":\"https:\/\/www.vatel.lu\/de\/g5\/#breadcrumb\",\"itemListElement\":[{\"@type\":\"ListItem\",\"position\":1,\"name\":\"Home\",\"item\":\"https:\/\/www.vatel.lu\/de\/\"},{\"@type\":\"ListItem\",\"position\":2,\"name\":\"G5\"}]},{\"@type\":\"WebSite\",\"@id\":\"https:\/\/www.vatel.lu\/de\/#website\",\"url\":\"https:\/\/www.vatel.lu\/de\/\",\"name\":\"Vatel Club\",\"description\":\"My WordPress Blog\",\"potentialAction\":[{\"@type\":\"SearchAction\",\"target\":{\"@type\":\"EntryPoint\",\"urlTemplate\":\"https:\/\/www.vatel.lu\/de\/?s={search_term_string}\"},\"query-input\":{\"@type\":\"PropertyValueSpecification\",\"valueRequired\":true,\"valueName\":\"search_term_string\"}}],\"inLanguage\":\"de\"}]}<\/script>\n<!-- \/ Yoast SEO plugin. -->","yoast_head_json":{"title":"Koch G5 - European Chefs Union - Young Chefs Unplugged.","description":"Koch G5 besteht aus 5 deutschsprachigen kulinarischen Berufsverb\u00e4nden. Koch G5 bringt mit YCU junge europ\u00e4ische K\u00f6che zusammen.","robots":{"index":"index","follow":"follow","max-snippet":"max-snippet:-1","max-image-preview":"max-image-preview:large","max-video-preview":"max-video-preview:-1"},"canonical":"https:\/\/www.vatel.lu\/de\/g5\/","og_locale":"de_DE","og_type":"article","og_title":"Koch G5 - European Chefs Union - Young Chefs Unplugged.","og_description":"Koch G5 besteht aus 5 deutschsprachigen kulinarischen Berufsverb\u00e4nden. Koch G5 bringt mit YCU junge europ\u00e4ische K\u00f6che zusammen.","og_url":"https:\/\/www.vatel.lu\/de\/g5\/","og_site_name":"Vatel Club","article_modified_time":"2024-10-26T15:53:05+00:00","twitter_card":"summary_large_image","schema":{"@context":"https:\/\/schema.org","@graph":[{"@type":"WebPage","@id":"https:\/\/www.vatel.lu\/de\/g5\/","url":"https:\/\/www.vatel.lu\/de\/g5\/","name":"Koch G5 - European Chefs Union - Young Chefs Unplugged.","isPartOf":{"@id":"https:\/\/www.vatel.lu\/de\/#website"},"datePublished":"2021-09-30T03:12:26+00:00","dateModified":"2024-10-26T15:53:05+00:00","description":"Koch G5 besteht aus 5 deutschsprachigen kulinarischen Berufsverb\u00e4nden. Koch G5 bringt mit YCU junge europ\u00e4ische K\u00f6che zusammen.","breadcrumb":{"@id":"https:\/\/www.vatel.lu\/de\/g5\/#breadcrumb"},"inLanguage":"de","potentialAction":[{"@type":"ReadAction","target":["https:\/\/www.vatel.lu\/de\/g5\/"]}]},{"@type":"BreadcrumbList","@id":"https:\/\/www.vatel.lu\/de\/g5\/#breadcrumb","itemListElement":[{"@type":"ListItem","position":1,"name":"Home","item":"https:\/\/www.vatel.lu\/de\/"},{"@type":"ListItem","position":2,"name":"G5"}]},{"@type":"WebSite","@id":"https:\/\/www.vatel.lu\/de\/#website","url":"https:\/\/www.vatel.lu\/de\/","name":"Vatel Club","description":"My WordPress Blog","potentialAction":[{"@type":"SearchAction","target":{"@type":"EntryPoint","urlTemplate":"https:\/\/www.vatel.lu\/de\/?s={search_term_string}"},"query-input":{"@type":"PropertyValueSpecification","valueRequired":true,"valueName":"search_term_string"}}],"inLanguage":"de"}]}},"_links":{"self":[{"href":"https:\/\/www.vatel.lu\/de\/wp-json\/wp\/v2\/pages\/915","targetHints":{"allow":["GET"]}}],"collection":[{"href":"https:\/\/www.vatel.lu\/de\/wp-json\/wp\/v2\/pages"}],"about":[{"href":"https:\/\/www.vatel.lu\/de\/wp-json\/wp\/v2\/types\/page"}],"author":[{"embeddable":true,"href":"https:\/\/www.vatel.lu\/de\/wp-json\/wp\/v2\/users\/1"}],"replies":[{"embeddable":true,"href":"https:\/\/www.vatel.lu\/de\/wp-json\/wp\/v2\/comments?post=915"}],"version-history":[{"count":2,"href":"https:\/\/www.vatel.lu\/de\/wp-json\/wp\/v2\/pages\/915\/revisions"}],"predecessor-version":[{"id":2556,"href":"https:\/\/www.vatel.lu\/de\/wp-json\/wp\/v2\/pages\/915\/revisions\/2556"}],"wp:attachment":[{"href":"https:\/\/www.vatel.lu\/de\/wp-json\/wp\/v2\/media?parent=915"}],"curies":[{"name":"wp","href":"https:\/\/api.w.org\/{rel}","templated":true}]}}